{"id":48,"date":"2023-04-24T04:51:50","date_gmt":"2023-04-24T04:51:50","guid":{"rendered":"https:\/\/cozystay.loftocean.com\/mountain-hotel\/?page_id=48"},"modified":"2025-03-18T13:10:22","modified_gmt":"2025-03-18T12:10:22","slug":"expertise","status":"publish","type":"page","link":"https:\/\/chalets-riviere-rouge.ca\/en\/expertise\/","title":{"rendered":"Expertise"},"content":{"rendered":"<div data-elementor-type=\"wp-page\" data-elementor-id=\"48\" class=\"elementor elementor-48\" data-elementor-post-type=\"page\">\n\t\t\t\t\t\t<section class=\"elementor-section elementor-top-section elementor-element elementor-element-1be95276 elementor-section-height-min-height cs-section-content-fullwidth cs-parallax-on-scroll cs_scroll_y_80 elementor-section-boxed elementor-section-height-default elementor-section-items-middle\" data-id=\"1be95276\" data-element_type=\"section\" data-e-type=\"section\" data-settings=\"{&quot;background_background&quot;:&quot;classic&quot;}\" data-cs-parallax-y=\"80\" style=\"background-image: none;\" data-cs-background-image=\"https:\/\/3forest.viweblocal.ca\/wp-content\/uploads\/2025\/03\/breno-assis-r3WAWU5Fi5Q-unsplash-scaled.jpg\" data-cs-background-image-alt-text=\"\">\n\t\t\t\t\t\t\t<div class=\"elementor-background-overlay\"><\/div>\n\t\t\t\t\t\t\t<div class=\"elementor-container elementor-column-gap-no\">\n\t\t\t\t\t<div class=\"elementor-column elementor-col-100 elementor-top-column elementor-element elementor-element-206af004 dark-color\" data-id=\"206af004\" data-element_type=\"column\" data-e-type=\"column\">\n\t\t\t<div class=\"elementor-widget-wrap elementor-element-populated\">\n\t\t\t\t\t\t<div class=\"elementor-element elementor-element-19ec9056 elementor-widget elementor-widget-cs_title\" data-id=\"19ec9056\" data-element_type=\"widget\" data-e-type=\"widget\" data-widget_type=\"cs_title.default\">\n\t\t\t\t<div class=\"elementor-widget-container\">\n\t\t\t\t\t\n        <div class=\"cs-title-wrap text-center\">\t            <h1 class=\"cs-title\">\n\t                Expertise en Immobilier\t            <\/h1>\t            <div class=\"cs-title-text\">\n\t                <p>Valoriser vos projets avec 3Forest<\/p>\t            <\/div>        <\/div>\t\t\t\t<\/div>\n\t\t\t\t<\/div>\n\t\t\t\t\t<\/div>\n\t\t<\/div>\n\t\t\t\t\t<\/div>\n\t\t<\/section>\n\t\t\t\t<section class=\"elementor-section elementor-top-section elementor-element elementor-element-79512aa elementor-section-content-middle elementor-section-boxed elementor-section-height-default elementor-section-height-default\" data-id=\"79512aa\" data-element_type=\"section\" data-e-type=\"section\">\n\t\t\t\t\t\t<div class=\"elementor-container elementor-column-gap-no\">\n\t\t\t\t\t<div class=\"elementor-column elementor-col-50 elementor-top-column elementor-element elementor-element-2feaa81\" data-id=\"2feaa81\" data-element_type=\"column\" data-e-type=\"column\" data-settings=\"{&quot;background_background&quot;:&quot;classic&quot;}\">\n\t\t\t<div class=\"elementor-widget-wrap\">\n\t\t\t\t\t\t\t<\/div>\n\t\t<\/div>\n\t\t\t\t<div class=\"elementor-column elementor-col-50 elementor-top-column elementor-element elementor-element-ffc32e4 cs-animation-small-offset elementor-invisible\" data-id=\"ffc32e4\" data-element_type=\"column\" data-e-type=\"column\" data-settings=\"{&quot;animation&quot;:&quot;fadeInRight&quot;}\">\n\t\t\t<div class=\"elementor-widget-wrap elementor-element-populated\">\n\t\t\t\t\t\t<div class=\"elementor-element elementor-element-dd2fd10 elementor-widget elementor-widget-cs_title\" data-id=\"dd2fd10\" data-element_type=\"widget\" data-e-type=\"widget\" data-widget_type=\"cs_title.default\">\n\t\t\t\t<div class=\"elementor-widget-container\">\n\t\t\t\t\t\n        <div class=\"cs-title-wrap\">\t            <h6 class=\"cs-title\">\n\t                Consultant immobilier\t            <\/h6>\t            <div class=\"cs-title-text\">\n\t                <ul><li class=\"font_8 wixui-rich-text__text\"><span class=\"wixui-rich-text__text\"><span class=\"color_42 wixui-rich-text__text\"><strong>Analyse de march\u00e9<\/strong> : Nous effectuons des analyses approfondies du march\u00e9 immobilier local, r\u00e9gional ou national. Nous examinons les tendances, les prix, la demande et l&rsquo;offre, les taux d&rsquo;occupation, etc. Ces informations aident nos clients \u00e0 prendre des d\u00e9cisions \u00e9clair\u00e9es concernant l&rsquo;achat, la vente ou l&rsquo;investissement dans l&rsquo;immobilier.<\/span><\/span><\/li><li class=\"font_8 wixui-rich-text__text\"><span class=\"color_42 wixui-rich-text__text\"><strong>Conseils en investissement immobilier<\/strong>\u00a0: Nous fournissons des conseils sur les opportunit\u00e9s d&rsquo;investissement, les rendements potentiels, les risques et les strat\u00e9gies d&rsquo;investi<\/span><span class=\"wixui-rich-text__text\"><span class=\"color_42 wixui-rich-text__text\">ssement. Ils peuvent \u00e9galement effectuer des analyses de rentabilit\u00e9 pour aider les investisseurs \u00e0 prendre des d\u00e9cisions \u00e9clair\u00e9es.<\/span><\/span><\/li><li class=\"font_8 wixui-rich-text__text\"><span class=\"color_42 wixui-rich-text__text\"><strong>Gestion immobili\u00e8re<\/strong>\u00a0: Nous offrons \u00e9galement des services de consultation afin d&rsquo;am\u00e9liorer votre gestion immobili\u00e8re aux propri\u00e9taires d&rsquo;immeubles. Cela permet d&rsquo;avoir une meilleure\u00a0<\/span><span class=\"wixui-rich-text__text\"><span class=\"color_42 wixui-rich-text__text\">efficacit\u00e9 en utilisant diverse technologies.<\/span><\/span><\/li><\/ul>\t            <\/div>        <\/div>\t\t\t\t<\/div>\n\t\t\t\t<\/div>\n\t\t\t\t\t<\/div>\n\t\t<\/div>\n\t\t\t\t\t<\/div>\n\t\t<\/section>\n\t\t\t\t<section class=\"elementor-section elementor-top-section elementor-element elementor-element-01c442b elementor-section-content-middle elementor-reverse-tablet elementor-reverse-mobile elementor-section-boxed elementor-section-height-default elementor-section-height-default\" data-id=\"01c442b\" data-element_type=\"section\" data-e-type=\"section\">\n\t\t\t\t\t\t<div class=\"elementor-container elementor-column-gap-no\">\n\t\t\t\t\t<div class=\"elementor-column elementor-col-50 elementor-top-column elementor-element elementor-element-4a63d6c cs-animation-small-offset elementor-invisible\" data-id=\"4a63d6c\" data-element_type=\"column\" data-e-type=\"column\" data-settings=\"{&quot;animation&quot;:&quot;fadeInLeft&quot;}\">\n\t\t\t<div class=\"elementor-widget-wrap elementor-element-populated\">\n\t\t\t\t\t\t<div class=\"elementor-element elementor-element-6331c3b elementor-widget elementor-widget-cs_title\" data-id=\"6331c3b\" data-element_type=\"widget\" data-e-type=\"widget\" data-widget_type=\"cs_title.default\">\n\t\t\t\t<div class=\"elementor-widget-container\">\n\t\t\t\t\t\n        <div class=\"cs-title-wrap\">\t            <h6 class=\"cs-title\">\n\t                Investissements immobilier\t            <\/h6>\t            <div class=\"cs-title-text\">\n\t                <ul><li class=\"font_7 wixui-rich-text__text\"><strong><span class=\"wixui-rich-text__text\"><span class=\"color_42 wixui-rich-text__text\">D\u00e9veloppement immobilie<\/span><\/span><\/strong><span class=\"wixui-rich-text__text\"><span class=\"color_42 wixui-rich-text__text\"><strong>r<\/strong> : Nous sommes pr\u00e9sentement actifs dans le d\u00e9veloppement d&rsquo;une division immobili\u00e8re de location \u00e0 court et moyen terme dans la r\u00e9gion de Lanaudi\u00e8re et Laurentides. Nous avons acqu\u00e9ri des terrains et des chalets au bord de l&rsquo;eau et obtenu les autorisations n\u00e9cessaires. Nous poss\u00e9dons 6 chalets qui sont pr\u00e9sentement en location.<\/span><\/span><\/li><li class=\"font_7 wixui-rich-text__text\"><strong><span class=\"inherit-font-size wixui-rich-text__text\"><span class=\"wixGuard wixui-rich-text__text\">\u200b<\/span><\/span><\/strong><span class=\"wixui-rich-text__text\"><span class=\"color_42 wixui-rich-text__text\"><strong>Investisseurs immobilier<\/strong>\u00a0: Nous sommes ouvert aux investisseurs d\u00e9sirant se joindre \u00e0 nous et investir dans nos projets immobilier Vous profitez ainsi de notre exp\u00e9rience de plus de 30 ans dans la conception, la construction ainsi que de la gestion de projets immobilier<\/span><\/span><span class=\"wixui-rich-text__text\">.<\/span><\/li><\/ul><p class=\"font_7 wixui-rich-text__text\">\u00a0<\/p>\t            <\/div>        <\/div>\t\t\t\t<\/div>\n\t\t\t\t<\/div>\n\t\t\t\t\t<\/div>\n\t\t<\/div>\n\t\t\t\t<div class=\"elementor-column elementor-col-50 elementor-top-column elementor-element elementor-element-da59169\" data-id=\"da59169\" data-element_type=\"column\" data-e-type=\"column\" data-settings=\"{&quot;background_background&quot;:&quot;classic&quot;}\">\n\t\t\t<div class=\"elementor-widget-wrap\">\n\t\t\t\t\t\t\t<\/div>\n\t\t<\/div>\n\t\t\t\t\t<\/div>\n\t\t<\/section>\n\t\t\t\t<section class=\"elementor-section elementor-top-section elementor-element elementor-element-4a1e05e elementor-section-content-middle elementor-section-boxed elementor-section-height-default elementor-section-height-default\" data-id=\"4a1e05e\" data-element_type=\"section\" data-e-type=\"section\">\n\t\t\t\t\t\t<div class=\"elementor-container elementor-column-gap-no\">\n\t\t\t\t\t<div class=\"elementor-column elementor-col-50 elementor-top-column elementor-element elementor-element-3ad033a\" data-id=\"3ad033a\" data-element_type=\"column\" data-e-type=\"column\" data-settings=\"{&quot;background_background&quot;:&quot;classic&quot;}\">\n\t\t\t<div class=\"elementor-widget-wrap\">\n\t\t\t\t\t\t\t<\/div>\n\t\t<\/div>\n\t\t\t\t<div class=\"elementor-column elementor-col-50 elementor-top-column elementor-element elementor-element-42ceba6 cs-animation-small-offset elementor-invisible\" data-id=\"42ceba6\" data-element_type=\"column\" data-e-type=\"column\" data-settings=\"{&quot;animation&quot;:&quot;fadeInRight&quot;}\">\n\t\t\t<div class=\"elementor-widget-wrap elementor-element-populated\">\n\t\t\t\t\t\t<div class=\"elementor-element elementor-element-268f32b elementor-widget elementor-widget-cs_title\" data-id=\"268f32b\" data-element_type=\"widget\" data-e-type=\"widget\" data-widget_type=\"cs_title.default\">\n\t\t\t\t<div class=\"elementor-widget-container\">\n\t\t\t\t\t\n        <div class=\"cs-title-wrap\">\t            <h6 class=\"cs-title\">\n\t                Photographie immobili\u00e8re\t            <\/h6>\t            <div class=\"cs-title-text\">\n\t                <ul><li class=\"font_8 wixui-rich-text__text\"><p class=\"font_7 wixui-rich-text__text\"><span class=\"wixui-rich-text__text\"><span class=\"color_42 wixui-rich-text__text\">Nous offrons un service de photographie immobili\u00e8re pour les architectes, designer d&rsquo;int\u00e9rieurs, contracteurs, h\u00f4tels. <\/span><\/span><\/p><\/li><li class=\"font_8 wixui-rich-text__text\"><p class=\"font_7 wixui-rich-text__text\">Nous offrons un service de photographie pour \u00e9v\u00e9nements diverses.<\/p><\/li><li class=\"font_8 wixui-rich-text__text\"><p class=\"font_7 wixui-rich-text__text\">Vente d&rsquo;oeuvres d&rsquo;art photographiques unique pour meubler vos espaces immobili\u00e8re int\u00e9rieures.<\/p><\/li><\/ul>\t            <\/div>        <\/div>\t\t\t\t<\/div>\n\t\t\t\t<\/div>\n\t\t\t\t\t<\/div>\n\t\t<\/div>\n\t\t\t\t\t<\/div>\n\t\t<\/section>\n\t\t\t\t<section class=\"elementor-section elementor-top-section elementor-element elementor-element-a26d8cd elementor-section-full_width elementor-section-height-default elementor-section-height-default\" data-id=\"a26d8cd\" data-element_type=\"section\" data-e-type=\"section\">\n\t\t\t\t\t\t<div class=\"elementor-container elementor-column-gap-no\">\n\t\t\t\t\t<div class=\"elementor-column elementor-col-100 elementor-top-column elementor-element elementor-element-26a38c8\" data-id=\"26a38c8\" data-element_type=\"column\" data-e-type=\"column\">\n\t\t\t<div class=\"elementor-widget-wrap elementor-element-populated\">\n\t\t\t\t\t\t<div class=\"elementor-element elementor-element-c8bae89 elementor-widget elementor-widget-cs_instagram\" data-id=\"c8bae89\" data-element_type=\"widget\" data-e-type=\"widget\" data-widget_type=\"cs_instagram.default\">\n\t\t\t\t<div class=\"elementor-widget-container\">\n\t\t\t\t\t\n        <div class=\"cs-instagram column-6\">\t                <ul>\t                        <li><div class=\"feed-bg\" style=\"background-image:url(https:\/\/chalets-riviere-rouge.ca\/wp-content\/uploads\/2025\/03\/thomas-griesbeck-Ft9hUeLOzRI-unsplash-600x600.jpg);\"><\/div><\/li>\t                        <li><div class=\"feed-bg\" style=\"background-image:url(https:\/\/chalets-riviere-rouge.ca\/wp-content\/uploads\/2025\/03\/takahiro-taguchi-XR4NGGhvpiU-unsplash-600x600.jpg);\"><\/div><\/li>\t                        <li><div class=\"feed-bg\" style=\"background-image:url(https:\/\/chalets-riviere-rouge.ca\/wp-content\/uploads\/2025\/03\/toa-heftiba-1qTpmkgrscY-unsplash-600x600.jpg);\"><\/div><\/li>\t                        <li><div class=\"feed-bg\" style=\"background-image:url(https:\/\/chalets-riviere-rouge.ca\/wp-content\/uploads\/2025\/03\/mathieu-gauzy-tju5L5cn5vA-unsplash-600x600.jpg);\"><\/div><\/li>\t                        <li><div class=\"feed-bg\" style=\"background-image:url(https:\/\/chalets-riviere-rouge.ca\/wp-content\/uploads\/2025\/03\/guille-pozzi-wguqf_tabDM-unsplash-600x600.jpg);\"><\/div><\/li>\t                        <li><div class=\"feed-bg\" style=\"background-image:url(https:\/\/chalets-riviere-rouge.ca\/wp-content\/uploads\/2025\/03\/simon-schoepf-fyqH3jQxl5Y-unsplash-600x600.jpg);\"><\/div><\/li>\t                <\/ul>        <\/div>\t\t\t\t<\/div>\n\t\t\t\t<\/div>\n\t\t\t\t\t<\/div>\n\t\t<\/div>\n\t\t\t\t\t<\/div>\n\t\t<\/section>\n\t\t\t\t<\/div>","protected":false},"excerpt":{"rendered":"<p>Expertise en Immobilier Valoriser vos projets avec 3Forest Consultant immobilier Analyse de march\u00e9 : Nous effectuons des analyses approfondies du march\u00e9 immobilier local, r\u00e9gional ou national. Nous examinons les tendances, les prix, la demande et l&rsquo;offre, les taux d&rsquo;occupation, etc. Ces informations aident nos clients \u00e0 prendre des d\u00e9cisions \u00e9clair\u00e9es concernant l&rsquo;achat, la vente ou &#8230;<\/p>","protected":false},"author":1,"featured_media":0,"parent":0,"menu_order":0,"comment_status":"closed","ping_status":"closed","template":"template-wide-content.php","meta":{"cozystay_single_page_hide_site_header":"","cozystay_single_page_site_header_source":"","cozystay_single_page_custom_site_header":"0","cozystay_single_page_custom_sticky_site_header":"0","cozystay_single_page_hide_page_title":"on","cozystay_single_page_header_section_size":"","cozystay_single_page_header_background_color":"","cozystay_single_page_header_background_position_x":"center","cozystay_single_page_header_background_position_y":"center","cozystay_single_page_header_background_size":"cover","cozystay_single_page_header_background_repeat":"off","cozystay_single_page_header_background_scroll":"on","cozystay_single_page_header_text_color":"","cozystay_single_page_header_show_breadcrumb":"","cozystay_single_page_site_footer_hide_main":"","cozystay_single_custom_site_footer_main_source":"","cozystay_single_custom_site_footer_main":"0","cozystay_single_page_site_footer_hide_above":"","cozystay_single_custom_site_footer_above_source":"","cozystay_single_custom_site_footer_above":"0","cozystay_single_page_site_footer_hide_instagram":"","cozystay_single_page_site_footer_hide_bottom":"","cozystay_single_custom_mobile_menu_source":"","cozystay_single_custom_mobile_menu":"0","cozystay_single_custom_mobile_menu_animation":"","cozystay_single_custom_mobile_menu_width":"","cozystay_single_custom_mobile_menu_custom_width":375,"footnotes":""},"class_list":["post-48","page","type-page","status-publish","hentry"],"yoast_head":"<!-- This site is optimized with the Yoast SEO plugin v27.3 - https:\/\/yoast.com\/product\/yoast-seo-wordpress\/ -->\n<title>Expertise - 3 Forest | Location de chalets<\/title>\n<meta name=\"robots\" content=\"index, follow, max-snippet:-1, max-image-preview:large, max-video-preview:-1\" \/>\n<link rel=\"canonical\" href=\"https:\/\/chalets-riviere-rouge.ca\/en\/expertise\/\" \/>\n<meta property=\"og:locale\" content=\"en_US\" \/>\n<meta property=\"og:type\" content=\"article\" \/>\n<meta property=\"og:title\" content=\"Expertise - 3 Forest | Location de chalets\" \/>\n<meta property=\"og:description\" content=\"Expertise en Immobilier Valoriser vos projets avec 3Forest Consultant immobilier Analyse de march\u00e9 : Nous effectuons des analyses approfondies du march\u00e9 immobilier local, r\u00e9gional ou national. Nous examinons les tendances, les prix, la demande et l&rsquo;offre, les taux d&rsquo;occupation, etc. Ces informations aident nos clients \u00e0 prendre des d\u00e9cisions \u00e9clair\u00e9es concernant l&rsquo;achat, la vente ou ...\" \/>\n<meta property=\"og:url\" content=\"https:\/\/chalets-riviere-rouge.ca\/en\/expertise\/\" \/>\n<meta property=\"og:site_name\" content=\"3 Forest | Location de chalets\" \/>\n<meta property=\"article:modified_time\" content=\"2025-03-18T12:10:22+00:00\" \/>\n<meta name=\"twitter:card\" content=\"summary_large_image\" \/>\n<meta name=\"twitter:label1\" content=\"Est. reading time\" \/>\n\t<meta name=\"twitter:data1\" content=\"2 minutes\" \/>\n<script type=\"application\/ld+json\" class=\"yoast-schema-graph\">{\"@context\":\"https:\\\/\\\/schema.org\",\"@graph\":[{\"@type\":\"WebPage\",\"@id\":\"https:\\\/\\\/chalets-riviere-rouge.ca\\\/expertise\\\/\",\"url\":\"https:\\\/\\\/chalets-riviere-rouge.ca\\\/expertise\\\/\",\"name\":\"Expertise - 3 Forest | Location de chalets\",\"isPartOf\":{\"@id\":\"https:\\\/\\\/chalets-riviere-rouge.ca\\\/#website\"},\"datePublished\":\"2023-04-24T04:51:50+00:00\",\"dateModified\":\"2025-03-18T12:10:22+00:00\",\"breadcrumb\":{\"@id\":\"https:\\\/\\\/chalets-riviere-rouge.ca\\\/expertise\\\/#breadcrumb\"},\"inLanguage\":\"en-US\",\"potentialAction\":[{\"@type\":\"ReadAction\",\"target\":[\"https:\\\/\\\/chalets-riviere-rouge.ca\\\/expertise\\\/\"]}]},{\"@type\":\"BreadcrumbList\",\"@id\":\"https:\\\/\\\/chalets-riviere-rouge.ca\\\/expertise\\\/#breadcrumb\",\"itemListElement\":[{\"@type\":\"ListItem\",\"position\":1,\"name\":\"Home\",\"item\":\"https:\\\/\\\/chalets-riviere-rouge.ca\\\/\"},{\"@type\":\"ListItem\",\"position\":2,\"name\":\"Expertise\"}]},{\"@type\":\"WebSite\",\"@id\":\"https:\\\/\\\/chalets-riviere-rouge.ca\\\/#website\",\"url\":\"https:\\\/\\\/chalets-riviere-rouge.ca\\\/\",\"name\":\"3 Forest | Location de chalets\",\"description\":\"\",\"publisher\":{\"@id\":\"https:\\\/\\\/chalets-riviere-rouge.ca\\\/#organization\"},\"potentialAction\":[{\"@type\":\"SearchAction\",\"target\":{\"@type\":\"EntryPoint\",\"urlTemplate\":\"https:\\\/\\\/chalets-riviere-rouge.ca\\\/?s={search_term_string}\"},\"query-input\":{\"@type\":\"PropertyValueSpecification\",\"valueRequired\":true,\"valueName\":\"search_term_string\"}}],\"inLanguage\":\"en-US\"},{\"@type\":\"Organization\",\"@id\":\"https:\\\/\\\/chalets-riviere-rouge.ca\\\/#organization\",\"name\":\"3 Forest | Location de chalets\",\"url\":\"https:\\\/\\\/chalets-riviere-rouge.ca\\\/\",\"logo\":{\"@type\":\"ImageObject\",\"inLanguage\":\"en-US\",\"@id\":\"https:\\\/\\\/chalets-riviere-rouge.ca\\\/#\\\/schema\\\/logo\\\/image\\\/\",\"url\":\"https:\\\/\\\/chalets-riviere-rouge.ca\\\/wp-content\\\/uploads\\\/2023\\\/04\\\/LOGO_BLANC.png\",\"contentUrl\":\"https:\\\/\\\/chalets-riviere-rouge.ca\\\/wp-content\\\/uploads\\\/2023\\\/04\\\/LOGO_BLANC.png\",\"width\":2500,\"height\":1480,\"caption\":\"3 Forest | Location de chalets\"},\"image\":{\"@id\":\"https:\\\/\\\/chalets-riviere-rouge.ca\\\/#\\\/schema\\\/logo\\\/image\\\/\"}}]}<\/script>\n<!-- \/ Yoast SEO plugin. -->","yoast_head_json":{"title":"Expertise - 3 Forest | Location de chalets","robots":{"index":"index","follow":"follow","max-snippet":"max-snippet:-1","max-image-preview":"max-image-preview:large","max-video-preview":"max-video-preview:-1"},"canonical":"https:\/\/chalets-riviere-rouge.ca\/en\/expertise\/","og_locale":"en_US","og_type":"article","og_title":"Expertise - 3 Forest | Location de chalets","og_description":"Expertise en Immobilier Valoriser vos projets avec 3Forest Consultant immobilier Analyse de march\u00e9 : Nous effectuons des analyses approfondies du march\u00e9 immobilier local, r\u00e9gional ou national. Nous examinons les tendances, les prix, la demande et l&rsquo;offre, les taux d&rsquo;occupation, etc. Ces informations aident nos clients \u00e0 prendre des d\u00e9cisions \u00e9clair\u00e9es concernant l&rsquo;achat, la vente ou ...","og_url":"https:\/\/chalets-riviere-rouge.ca\/en\/expertise\/","og_site_name":"3 Forest | Location de chalets","article_modified_time":"2025-03-18T12:10:22+00:00","twitter_card":"summary_large_image","twitter_misc":{"Est. reading time":"2 minutes"},"schema":{"@context":"https:\/\/schema.org","@graph":[{"@type":"WebPage","@id":"https:\/\/chalets-riviere-rouge.ca\/expertise\/","url":"https:\/\/chalets-riviere-rouge.ca\/expertise\/","name":"Expertise - 3 Forest | Location de chalets","isPartOf":{"@id":"https:\/\/chalets-riviere-rouge.ca\/#website"},"datePublished":"2023-04-24T04:51:50+00:00","dateModified":"2025-03-18T12:10:22+00:00","breadcrumb":{"@id":"https:\/\/chalets-riviere-rouge.ca\/expertise\/#breadcrumb"},"inLanguage":"en-US","potentialAction":[{"@type":"ReadAction","target":["https:\/\/chalets-riviere-rouge.ca\/expertise\/"]}]},{"@type":"BreadcrumbList","@id":"https:\/\/chalets-riviere-rouge.ca\/expertise\/#breadcrumb","itemListElement":[{"@type":"ListItem","position":1,"name":"Home","item":"https:\/\/chalets-riviere-rouge.ca\/"},{"@type":"ListItem","position":2,"name":"Expertise"}]},{"@type":"WebSite","@id":"https:\/\/chalets-riviere-rouge.ca\/#website","url":"https:\/\/chalets-riviere-rouge.ca\/","name":"3 Forest | Location de chalets","description":"","publisher":{"@id":"https:\/\/chalets-riviere-rouge.ca\/#organization"},"potentialAction":[{"@type":"SearchAction","target":{"@type":"EntryPoint","urlTemplate":"https:\/\/chalets-riviere-rouge.ca\/?s={search_term_string}"},"query-input":{"@type":"PropertyValueSpecification","valueRequired":true,"valueName":"search_term_string"}}],"inLanguage":"en-US"},{"@type":"Organization","@id":"https:\/\/chalets-riviere-rouge.ca\/#organization","name":"3 Forest | Location de chalets","url":"https:\/\/chalets-riviere-rouge.ca\/","logo":{"@type":"ImageObject","inLanguage":"en-US","@id":"https:\/\/chalets-riviere-rouge.ca\/#\/schema\/logo\/image\/","url":"https:\/\/chalets-riviere-rouge.ca\/wp-content\/uploads\/2023\/04\/LOGO_BLANC.png","contentUrl":"https:\/\/chalets-riviere-rouge.ca\/wp-content\/uploads\/2023\/04\/LOGO_BLANC.png","width":2500,"height":1480,"caption":"3 Forest | Location de chalets"},"image":{"@id":"https:\/\/chalets-riviere-rouge.ca\/#\/schema\/logo\/image\/"}}]}},"_links":{"self":[{"href":"https:\/\/chalets-riviere-rouge.ca\/en\/wp-json\/wp\/v2\/pages\/48","targetHints":{"allow":["GET"]}}],"collection":[{"href":"https:\/\/chalets-riviere-rouge.ca\/en\/wp-json\/wp\/v2\/pages"}],"about":[{"href":"https:\/\/chalets-riviere-rouge.ca\/en\/wp-json\/wp\/v2\/types\/page"}],"author":[{"embeddable":true,"href":"https:\/\/chalets-riviere-rouge.ca\/en\/wp-json\/wp\/v2\/users\/1"}],"replies":[{"embeddable":true,"href":"https:\/\/chalets-riviere-rouge.ca\/en\/wp-json\/wp\/v2\/comments?post=48"}],"version-history":[{"count":17,"href":"https:\/\/chalets-riviere-rouge.ca\/en\/wp-json\/wp\/v2\/pages\/48\/revisions"}],"predecessor-version":[{"id":3021,"href":"https:\/\/chalets-riviere-rouge.ca\/en\/wp-json\/wp\/v2\/pages\/48\/revisions\/3021"}],"wp:attachment":[{"href":"https:\/\/chalets-riviere-rouge.ca\/en\/wp-json\/wp\/v2\/media?parent=48"}],"curies":[{"name":"wp","href":"https:\/\/api.w.org\/{rel}","templated":true}]}}